
{"id":11687,"date":"2025-04-14T09:45:58","date_gmt":"2025-04-14T07:45:58","guid":{"rendered":"https:\/\/ootary.com\/?page_id=11687"},"modified":"2025-12-03T08:54:32","modified_gmt":"2025-12-03T07:54:32","slug":"news","status":"publish","type":"page","link":"https:\/\/ootary.com\/en\/news\/","title":{"rendered":"News"},"content":{"rendered":"<div data-elementor-type=\"wp-page\" data-elementor-id=\"11687\" class=\"elementor elementor-11687\" data-elementor-post-type=\"page\">\n\t\t\t\t\t\t<section class=\"elementor-section elementor-top-section elementor-element elementor-element-ecfab70 elementor-section-boxed elementor-section-height-default elementor-section-height-default\" data-id=\"ecfab70\" data-element_type=\"section\" data-e-type=\"section\">\n\t\t\t\t\t\t<div class=\"elementor-container elementor-column-gap-default\">\n\t\t\t\t\t<div class=\"elementor-column elementor-col-50 elementor-top-column elementor-element elementor-element-a3cf8f4\" data-id=\"a3cf8f4\" data-element_type=\"column\" data-e-type=\"column\">\n\t\t\t<div class=\"elementor-widget-wrap\">\n\t\t\t\t\t\t\t<\/div>\n\t\t<\/div>\n\t\t\t\t<div class=\"elementor-column elementor-col-50 elementor-top-column elementor-element elementor-element-825887c\" data-id=\"825887c\" data-element_type=\"column\" data-e-type=\"column\">\n\t\t\t<div class=\"elementor-widget-wrap elementor-element-populated\">\n\t\t\t\t\t\t<div class=\"elementor-element elementor-element-c62adff elementor-widget elementor-widget-shortcode\" data-id=\"c62adff\" data-element_type=\"widget\" data-e-type=\"widget\" data-widget_type=\"shortcode.default\">\n\t\t\t\t<div class=\"elementor-widget-container\">\n\t\t\t\t\t\t\t<div class=\"elementor-shortcode\"><form data-min-no-for-search=\"1\" data-result-box-max-height=\"400\" data-form-id=\"11739\" class=\"is-search-form is-form-style is-form-style-3 is-form-id-11739 is-ajax-search\" action=\"https:\/\/ootary.com\/en\/\" method=\"get\" role=\"search\" data-trp-original-action=\"https:\/\/ootary.com\/en\/\" ><label for=\"is-search-input-11739\"><span class=\"is-screen-reader-text\">Search for:<\/span><input  type=\"search\" id=\"is-search-input-11739\" name=\"s\" value=\"\" class=\"is-search-input\" placeholder=\"Search\" autocomplete=\"off\" \/><span class=\"is-loader-image\" style=\"display: none;background-image:url(https:\/\/ootary.com\/wp-content\/plugins\/add-search-to-menu\/public\/images\/spinner.gif);\" ><\/span><\/label><button type=\"submit\" class=\"is-search-submit\"><span class=\"is-screen-reader-text\">Search Button<\/span><span class=\"is-search-icon\"><svg focusable=\"false\" aria-label=\"Search\" xmlns=\"http:\/\/www.w3.org\/2000\/svg\" viewbox=\"0 0 24 24\" width=\"24px\"><path d=\"M15.5 14h-.79l-.28-.27C15.41 12.59 16 11.11 16 9.5 16 5.91 13.09 3 9.5 3S3 5.91 3 9.5 5.91 16 9.5 16c1.61 0 3.09-.59 4.23-1.57l.27.28v.79l5 4.99L20.49 19l-4.99-5zm-6 0C7.01 14 5 11.99 5 9.5S7.01 5 9.5 5 14 7.01 14 9.5 11.99 14 9.5 14z\"><\/path><\/svg><\/span><\/button><input type=\"hidden\" name=\"id\" value=\"11739\" \/><input type=\"hidden\" name=\"post_type\" value=\"post\" \/><input type=\"hidden\" name=\"trp-form-language\" value=\"en\"\/><\/form><\/div>\n\t\t\t\t\t\t<\/div>\n\t\t\t\t<\/div>\n\t\t\t\t\t<\/div>\n\t\t<\/div>\n\t\t\t\t\t<\/div>\n\t\t<\/section>\n\t\t\t\t<section class=\"elementor-section elementor-top-section elementor-element elementor-element-f5b21a9 elementor-section-boxed elementor-section-height-default elementor-section-height-default\" data-id=\"f5b21a9\" data-element_type=\"section\" data-e-type=\"section\">\n\t\t\t\t\t\t<div class=\"elementor-container elementor-column-gap-default\">\n\t\t\t\t\t<div class=\"elementor-column elementor-col-100 elementor-top-column elementor-element elementor-element-92649d8\" data-id=\"92649d8\" data-element_type=\"column\" data-e-type=\"column\">\n\t\t\t<div class=\"elementor-widget-wrap elementor-element-populated\">\n\t\t\t\t\t\t<div class=\"elementor-element elementor-element-bd43344 elementor-widget elementor-widget-spacer\" data-id=\"bd43344\" data-element_type=\"widget\" data-e-type=\"widget\" data-widget_type=\"spacer.default\">\n\t\t\t\t<div class=\"elementor-widget-container\">\n\t\t\t\t\t\t\t<div class=\"elementor-spacer\">\n\t\t\t<div class=\"elementor-spacer-inner\"><\/div>\n\t\t<\/div>\n\t\t\t\t\t\t<\/div>\n\t\t\t\t<\/div>\n\t\t\t\t<div class=\"elementor-element elementor-element-c45ee43 elementor-grid-3 elementor-grid-tablet-2 elementor-grid-mobile-1 elementor-posts--thumbnail-top elementor-card-shadow-yes elementor-posts__hover-gradient elementor-widget elementor-widget-posts\" data-id=\"c45ee43\" data-element_type=\"widget\" data-e-type=\"widget\" data-settings=\"{&quot;pagination_type&quot;:&quot;numbers&quot;,&quot;cards_columns&quot;:&quot;3&quot;,&quot;cards_columns_tablet&quot;:&quot;2&quot;,&quot;cards_columns_mobile&quot;:&quot;1&quot;,&quot;cards_row_gap&quot;:{&quot;unit&quot;:&quot;px&quot;,&quot;size&quot;:35,&quot;sizes&quot;:[]},&quot;cards_row_gap_tablet&quot;:{&quot;unit&quot;:&quot;px&quot;,&quot;size&quot;:&quot;&quot;,&quot;sizes&quot;:[]},&quot;cards_row_gap_mobile&quot;:{&quot;unit&quot;:&quot;px&quot;,&quot;size&quot;:&quot;&quot;,&quot;sizes&quot;:[]}}\" data-widget_type=\"posts.cards\">\n\t\t\t\t<div class=\"elementor-widget-container\">\n\t\t\t\t\t\t\t<div class=\"elementor-posts-container elementor-posts elementor-posts--skin-cards elementor-grid\" role=\"list\">\n\t\t\t\t<article class=\"elementor-post elementor-grid-item post-12994 post type-post status-publish format-standard has-post-thumbnail hentry category-fonctionnalite-armony\" role=\"listitem\">\n\t\t\t<div class=\"elementor-post__card\">\n\t\t\t\t<a class=\"elementor-post__thumbnail__link\" href=\"https:\/\/ootary.com\/en\/armony-satellite-securely-connects-your-saas-environment-to-your-local-network\/\" tabindex=\"-1\" ><div class=\"elementor-post__thumbnail\"><img fetchpriority=\"high\" decoding=\"async\" width=\"850\" height=\"420\" src=\"https:\/\/ootary.com\/wp-content\/uploads\/2026\/05\/article.35.png\" class=\"attachment-1900x1200-slider size-1900x1200-slider wp-image-13031\" alt=\"\" srcset=\"https:\/\/ootary.com\/wp-content\/uploads\/2026\/05\/article.35.png 850w, https:\/\/ootary.com\/wp-content\/uploads\/2026\/05\/article.35-300x148.png 300w, https:\/\/ootary.com\/wp-content\/uploads\/2026\/05\/article.35-768x379.png 768w, https:\/\/ootary.com\/wp-content\/uploads\/2026\/05\/article.35-18x9.png 18w\" sizes=\"(max-width: 850px) 100vw, 850px\" \/><\/div><\/a>\n\t\t\t\t<div class=\"elementor-post__badge\">Armony feature<\/div>\n\t\t\t\t<div class=\"elementor-post__text\">\n\t\t\t\t<h3 class=\"elementor-post__title\">\n\t\t\t<a href=\"https:\/\/ootary.com\/en\/armony-satellite-securely-connects-your-saas-environment-to-your-local-network\/\" >\n\t\t\t\tArmony Satellite: securely connect your SaaS environment to your local network\t\t\t<\/a>\n\t\t<\/h3>\n\t\t\t\t<div class=\"elementor-post__excerpt\">\n\t\t\t<p>As companies adopt SaaS, the question of interconnection with the local network becomes strategic: how to access internal resources?<\/p>\n\t\t<\/div>\n\t\t\t\t\t<div class=\"elementor-post__read-more-wrapper\">\n\t\t\n\t\t<a class=\"elementor-post__read-more\" href=\"https:\/\/ootary.com\/en\/armony-satellite-securely-connects-your-saas-environment-to-your-local-network\/\" aria-label=\"Read more about Armony Satellite : connecter votre environnement SaaS \u00e0 votre r\u00e9seau local en toute s\u00e9curit\u00e9\" tabindex=\"-1\" >\n\t\t\tRead more \"\t\t<\/a>\n\n\t\t\t\t\t<\/div>\n\t\t\t\t<\/div>\n\t\t\t\t\t<\/div>\n\t\t<\/article>\n\t\t\t\t<article class=\"elementor-post elementor-grid-item post-12967 post type-post status-publish format-standard has-post-thumbnail hentry category-fonctionnalite-armony\" role=\"listitem\">\n\t\t\t<div class=\"elementor-post__card\">\n\t\t\t\t<a class=\"elementor-post__thumbnail__link\" href=\"https:\/\/ootary.com\/en\/ootary-supports-innoval-in-its-digital-transformation\/\" tabindex=\"-1\" ><div class=\"elementor-post__thumbnail\"><img decoding=\"async\" width=\"850\" height=\"420\" src=\"https:\/\/ootary.com\/wp-content\/uploads\/2026\/04\/vignette-oO-x-innoval-04.26.png\" class=\"attachment-1900x1200-slider size-1900x1200-slider wp-image-12982\" alt=\"\" srcset=\"https:\/\/ootary.com\/wp-content\/uploads\/2026\/04\/vignette-oO-x-innoval-04.26.png 850w, https:\/\/ootary.com\/wp-content\/uploads\/2026\/04\/vignette-oO-x-innoval-04.26-300x148.png 300w, https:\/\/ootary.com\/wp-content\/uploads\/2026\/04\/vignette-oO-x-innoval-04.26-768x379.png 768w, https:\/\/ootary.com\/wp-content\/uploads\/2026\/04\/vignette-oO-x-innoval-04.26-18x9.png 18w\" sizes=\"(max-width: 850px) 100vw, 850px\" \/><\/div><\/a>\n\t\t\t\t<div class=\"elementor-post__badge\">Armony feature<\/div>\n\t\t\t\t<div class=\"elementor-post__text\">\n\t\t\t\t<h3 class=\"elementor-post__title\">\n\t\t\t<a href=\"https:\/\/ootary.com\/en\/ootary-supports-innoval-in-its-digital-transformation\/\" >\n\t\t\t\t\u00a0oOTARY supports INNOVAL in its digital transformation\t\t\t<\/a>\n\t\t<\/h3>\n\t\t\t\t<div class=\"elementor-post__excerpt\">\n\t\t\t<p>Against a backdrop of changing uses and evolving regulatory constraints, companies need to upgrade their information systems to remain efficient and compliant.<\/p>\n\t\t<\/div>\n\t\t\t\t\t<div class=\"elementor-post__read-more-wrapper\">\n\t\t\n\t\t<a class=\"elementor-post__read-more\" href=\"https:\/\/ootary.com\/en\/ootary-supports-innoval-in-its-digital-transformation\/\" aria-label=\"Read more about \u00a0oOTARY accompagne INNOVAL dans sa transformation digitale\" tabindex=\"-1\" >\n\t\t\tRead more \"\t\t<\/a>\n\n\t\t\t\t\t<\/div>\n\t\t\t\t<\/div>\n\t\t\t\t\t<\/div>\n\t\t<\/article>\n\t\t\t\t<article class=\"elementor-post elementor-grid-item post-12927 post type-post status-publish format-standard has-post-thumbnail hentry category-fonctionnalite-armony\" role=\"listitem\">\n\t\t\t<div class=\"elementor-post__card\">\n\t\t\t\t<a class=\"elementor-post__thumbnail__link\" href=\"https:\/\/ootary.com\/en\/computer-security-how-to-better-control-access-to-your-armony-environments\/\" tabindex=\"-1\" ><div class=\"elementor-post__thumbnail\"><img decoding=\"async\" width=\"850\" height=\"420\" src=\"https:\/\/ootary.com\/wp-content\/uploads\/2026\/03\/article-34.png\" class=\"attachment-1900x1200-slider size-1900x1200-slider wp-image-12935\" alt=\"\" srcset=\"https:\/\/ootary.com\/wp-content\/uploads\/2026\/03\/article-34.png 850w, https:\/\/ootary.com\/wp-content\/uploads\/2026\/03\/article-34-300x148.png 300w, https:\/\/ootary.com\/wp-content\/uploads\/2026\/03\/article-34-768x379.png 768w, https:\/\/ootary.com\/wp-content\/uploads\/2026\/03\/article-34-18x9.png 18w\" sizes=\"(max-width: 850px) 100vw, 850px\" \/><\/div><\/a>\n\t\t\t\t<div class=\"elementor-post__badge\">Armony feature<\/div>\n\t\t\t\t<div class=\"elementor-post__text\">\n\t\t\t\t<h3 class=\"elementor-post__title\">\n\t\t\t<a href=\"https:\/\/ootary.com\/en\/computer-security-how-to-better-control-access-to-your-armony-environments\/\" >\n\t\t\t\tIT security: how to better control access to your Armony environments?\t\t\t<\/a>\n\t\t<\/h3>\n\t\t\t\t<div class=\"elementor-post__excerpt\">\n\t\t\t<p>Today, IT security is of paramount importance to businesses. Between cyber-attacks, evolving IT architectures and the widespread use of the cloud, it is essential to<\/p>\n\t\t<\/div>\n\t\t\t\t\t<div class=\"elementor-post__read-more-wrapper\">\n\t\t\n\t\t<a class=\"elementor-post__read-more\" href=\"https:\/\/ootary.com\/en\/computer-security-how-to-better-control-access-to-your-armony-environments\/\" aria-label=\"Read more about IT security: how to better control access to your Armony environments?\" tabindex=\"-1\" >\n\t\t\tRead more \"\t\t<\/a>\n\n\t\t\t\t\t<\/div>\n\t\t\t\t<\/div>\n\t\t\t\t\t<\/div>\n\t\t<\/article>\n\t\t\t\t<article class=\"elementor-post elementor-grid-item post-12844 post type-post status-publish format-standard has-post-thumbnail hentry category-fonctionnalite-armony\" role=\"listitem\">\n\t\t\t<div class=\"elementor-post__card\">\n\t\t\t\t<a class=\"elementor-post__thumbnail__link\" href=\"https:\/\/ootary.com\/en\/specific-outsourcing-of-the-armony-apps-erp-core-to-modernize-your-si\/\" tabindex=\"-1\" ><div class=\"elementor-post__thumbnail\"><img loading=\"lazy\" decoding=\"async\" width=\"1900\" height=\"1200\" src=\"https:\/\/ootary.com\/wp-content\/uploads\/2026\/02\/enterprise-resource-planning-holographic-interface-1900x1200.jpg\" class=\"attachment-1900x1200-slider size-1900x1200-slider wp-image-12862\" alt=\"\" srcset=\"https:\/\/ootary.com\/wp-content\/uploads\/2026\/02\/enterprise-resource-planning-holographic-interface-1900x1200.jpg 1900w, https:\/\/ootary.com\/wp-content\/uploads\/2026\/02\/enterprise-resource-planning-holographic-interface-18x12.jpg 18w\" sizes=\"(max-width: 1900px) 100vw, 1900px\" \/><\/div><\/a>\n\t\t\t\t<div class=\"elementor-post__badge\">Armony feature<\/div>\n\t\t\t\t<div class=\"elementor-post__text\">\n\t\t\t\t<h3 class=\"elementor-post__title\">\n\t\t\t<a href=\"https:\/\/ootary.com\/en\/specific-outsourcing-of-the-armony-apps-erp-core-to-modernize-your-si\/\" >\n\t\t\t\tOutsource specific core ERP functions: the Armony Apps approach to modernizing your IS\t\t\t<\/a>\n\t\t<\/h3>\n\t\t\t\t<div class=\"elementor-post__excerpt\">\n\t\t\t<p>In the majority of industrial organizations, ERP is the central foundation of the information system. It centralizes critical processes, implements management rules and<\/p>\n\t\t<\/div>\n\t\t\t\t\t<div class=\"elementor-post__read-more-wrapper\">\n\t\t\n\t\t<a class=\"elementor-post__read-more\" href=\"https:\/\/ootary.com\/en\/specific-outsourcing-of-the-armony-apps-erp-core-to-modernize-your-si\/\" aria-label=\"Read more about Outsourcing specific core ERP functions: the Armony Apps approach to modernizing your IS\" tabindex=\"-1\" >\n\t\t\tRead more \"\t\t<\/a>\n\n\t\t\t\t\t<\/div>\n\t\t\t\t<\/div>\n\t\t\t\t\t<\/div>\n\t\t<\/article>\n\t\t\t\t<article class=\"elementor-post elementor-grid-item post-12809 post type-post status-publish format-standard has-post-thumbnail hentry category-transformation-digitale\" role=\"listitem\">\n\t\t\t<div class=\"elementor-post__card\">\n\t\t\t\t<a class=\"elementor-post__thumbnail__link\" href=\"https:\/\/ootary.com\/en\/ootary-puts-an-end-to-productivity-bottlenecks\/\" tabindex=\"-1\" ><div class=\"elementor-post__thumbnail\"><img loading=\"lazy\" decoding=\"async\" width=\"850\" height=\"420\" src=\"https:\/\/ootary.com\/wp-content\/uploads\/2026\/01\/article-29.png\" class=\"attachment-1900x1200-slider size-1900x1200-slider wp-image-12814\" alt=\"\" srcset=\"https:\/\/ootary.com\/wp-content\/uploads\/2026\/01\/article-29.png 850w, https:\/\/ootary.com\/wp-content\/uploads\/2026\/01\/article-29-300x148.png 300w, https:\/\/ootary.com\/wp-content\/uploads\/2026\/01\/article-29-768x379.png 768w, https:\/\/ootary.com\/wp-content\/uploads\/2026\/01\/article-29-18x9.png 18w\" sizes=\"(max-width: 850px) 100vw, 850px\" \/><\/div><\/a>\n\t\t\t\t<div class=\"elementor-post__badge\">Digital transformation<\/div>\n\t\t\t\t<div class=\"elementor-post__text\">\n\t\t\t\t<h3 class=\"elementor-post__title\">\n\t\t\t<a href=\"https:\/\/ootary.com\/en\/ootary-puts-an-end-to-productivity-bottlenecks\/\" >\n\t\t\t\tPut an end to productivity bottlenecks with oOTARY!\t\t\t<\/a>\n\t\t<\/h3>\n\t\t\t\t<div class=\"elementor-post__excerpt\">\n\t\t\t<p>At a time when companies are striving for greater agility and performance, data has become an essential strategic lever. However, despite<\/p>\n\t\t<\/div>\n\t\t\t\t\t<div class=\"elementor-post__read-more-wrapper\">\n\t\t\n\t\t<a class=\"elementor-post__read-more\" href=\"https:\/\/ootary.com\/en\/ootary-puts-an-end-to-productivity-bottlenecks\/\" aria-label=\"Read more about Put an end to productivity bottlenecks with oOTARY!\" tabindex=\"-1\" >\n\t\t\tRead more \"\t\t<\/a>\n\n\t\t\t\t\t<\/div>\n\t\t\t\t<\/div>\n\t\t\t\t\t<\/div>\n\t\t<\/article>\n\t\t\t\t<article class=\"elementor-post elementor-grid-item post-12712 post type-post status-publish format-standard has-post-thumbnail hentry category-vie-de-lentreprise\" role=\"listitem\">\n\t\t\t<div class=\"elementor-post__card\">\n\t\t\t\t<a class=\"elementor-post__thumbnail__link\" href=\"https:\/\/ootary.com\/en\/ootary-sets-course-for-year-2025\/\" tabindex=\"-1\" ><div class=\"elementor-post__thumbnail\"><img loading=\"lazy\" decoding=\"async\" width=\"1900\" height=\"1200\" src=\"https:\/\/ootary.com\/wp-content\/uploads\/2025\/12\/BBQ-6-1-1900x1200.jpg\" class=\"attachment-1900x1200-slider size-1900x1200-slider wp-image-12796\" alt=\"\" \/><\/div><\/a>\n\t\t\t\t<div class=\"elementor-post__badge\">Corporate Life<\/div>\n\t\t\t\t<div class=\"elementor-post__text\">\n\t\t\t\t<h3 class=\"elementor-post__title\">\n\t\t\t<a href=\"https:\/\/ootary.com\/en\/ootary-sets-course-for-year-2025\/\" >\n\t\t\t\tSetting course for 2025 at oOTARY\t\t\t<\/a>\n\t\t<\/h3>\n\t\t\t\t<div class=\"elementor-post__excerpt\">\n\t\t\t<p>2025 will have been a rich, intense and strategic year for oOTARY. A year in which our international presence was asserted, and our solution gained in<\/p>\n\t\t<\/div>\n\t\t\t\t\t<div class=\"elementor-post__read-more-wrapper\">\n\t\t\n\t\t<a class=\"elementor-post__read-more\" href=\"https:\/\/ootary.com\/en\/ootary-sets-course-for-year-2025\/\" aria-label=\"Read more about oOTARY looks ahead to 2025\" tabindex=\"-1\" >\n\t\t\tRead more \"\t\t<\/a>\n\n\t\t\t\t\t<\/div>\n\t\t\t\t<\/div>\n\t\t\t\t\t<\/div>\n\t\t<\/article>\n\t\t\t\t<\/div>\n\t\t\n\t\t\t\t<div class=\"e-load-more-anchor\" data-page=\"1\" data-max-page=\"11\" data-next-page=\"https:\/\/ootary.com\/en\/?e-page-c45ee43=2\"><\/div>\n\t\t\t\t<nav class=\"elementor-pagination\" aria-label=\"Pagination\">\n\t\t\t<span aria-current=\"page\" class=\"page-numbers current\"><span class=\"elementor-screen-only\">Page<\/span>1<\/span>\n<a class=\"page-numbers\" href=\"https:\/\/ootary.com\/wp-json\/wp\/v2\/pages\/11687\/?e-page-c45ee43=2\"><span class=\"elementor-screen-only\">Page<\/span>2<\/a>\n<a class=\"page-numbers\" href=\"https:\/\/ootary.com\/wp-json\/wp\/v2\/pages\/11687\/?e-page-c45ee43=3\"><span class=\"elementor-screen-only\">Page<\/span>3<\/a>\n<span class=\"page-numbers dots\">...<\/span>\n<a class=\"page-numbers\" href=\"https:\/\/ootary.com\/wp-json\/wp\/v2\/pages\/11687\/?e-page-c45ee43=5\"><span class=\"elementor-screen-only\">Page<\/span>5<\/a>\t\t<\/nav>\n\t\t\t\t\t\t<\/div>\n\t\t\t\t<\/div>\n\t\t\t\t\t<\/div>\n\t\t<\/div>\n\t\t\t\t\t<\/div>\n\t\t<\/section>\n\t\t\t\t<\/div>","protected":false},"excerpt":{"rendered":"","protected":false},"author":3,"featured_media":6221,"parent":0,"menu_order":0,"comment_status":"closed","ping_status":"closed","template":"empty-template.php","meta":{"content-type":"","_monsterinsights_skip_tracking":false,"_monsterinsights_sitenote_active":false,"_monsterinsights_sitenote_note":"","_monsterinsights_sitenote_category":0,"footnotes":""},"class_list":["post-11687","page","type-page","status-publish","has-post-thumbnail","hentry"],"yoast_head":"<!-- This site is optimized with the Yoast SEO plugin v27.6 - https:\/\/yoast.com\/product\/yoast-seo-wordpress\/ -->\n<title>Actualit\u00e9s - oOTARY<\/title>\n<meta name=\"robots\" content=\"index, follow, max-snippet:-1, max-image-preview:large, max-video-preview:-1\" \/>\n<link rel=\"canonical\" href=\"https:\/\/ootary.com\/en\/news\/\" \/>\n<meta property=\"og:locale\" content=\"en_US\" \/>\n<meta property=\"og:type\" content=\"article\" \/>\n<meta property=\"og:title\" content=\"Actualit\u00e9s - oOTARY\" \/>\n<meta property=\"og:url\" content=\"https:\/\/ootary.com\/en\/news\/\" \/>\n<meta property=\"og:site_name\" content=\"oOTARY\" \/>\n<meta property=\"article:modified_time\" content=\"2025-12-03T07:54:32+00:00\" \/>\n<meta property=\"og:image\" content=\"https:\/\/ootary.com\/wp-content\/uploads\/2022\/09\/actaulites-3.jpg\" \/>\n\t<meta property=\"og:image:width\" content=\"2000\" \/>\n\t<meta property=\"og:image:height\" content=\"1200\" \/>\n\t<meta property=\"og:image:type\" content=\"image\/jpeg\" \/>\n<meta name=\"twitter:card\" content=\"summary_large_image\" \/>\n<meta name=\"twitter:label1\" content=\"Est. reading time\" \/>\n\t<meta name=\"twitter:data1\" content=\"5 minutes\" \/>\n<script type=\"application\/ld+json\" class=\"yoast-schema-graph\">{\"@context\":\"https:\\\/\\\/schema.org\",\"@graph\":[{\"@type\":\"WebPage\",\"@id\":\"https:\\\/\\\/ootary.com\\\/actu\\\/\",\"url\":\"https:\\\/\\\/ootary.com\\\/actu\\\/\",\"name\":\"Actualit\u00e9s - oOTARY\",\"isPartOf\":{\"@id\":\"https:\\\/\\\/ootary.com\\\/#website\"},\"primaryImageOfPage\":{\"@id\":\"https:\\\/\\\/ootary.com\\\/actu\\\/#primaryimage\"},\"image\":{\"@id\":\"https:\\\/\\\/ootary.com\\\/actu\\\/#primaryimage\"},\"thumbnailUrl\":\"https:\\\/\\\/ootary.com\\\/wp-content\\\/uploads\\\/2022\\\/09\\\/actaulites-3.jpg\",\"datePublished\":\"2025-04-14T07:45:58+00:00\",\"dateModified\":\"2025-12-03T07:54:32+00:00\",\"breadcrumb\":{\"@id\":\"https:\\\/\\\/ootary.com\\\/actu\\\/#breadcrumb\"},\"inLanguage\":\"en-US\",\"potentialAction\":[{\"@type\":\"ReadAction\",\"target\":[\"https:\\\/\\\/ootary.com\\\/actu\\\/\"]}]},{\"@type\":\"ImageObject\",\"inLanguage\":\"en-US\",\"@id\":\"https:\\\/\\\/ootary.com\\\/actu\\\/#primaryimage\",\"url\":\"https:\\\/\\\/ootary.com\\\/wp-content\\\/uploads\\\/2022\\\/09\\\/actaulites-3.jpg\",\"contentUrl\":\"https:\\\/\\\/ootary.com\\\/wp-content\\\/uploads\\\/2022\\\/09\\\/actaulites-3.jpg\",\"width\":2000,\"height\":1200,\"caption\":\"actualites ootary\"},{\"@type\":\"BreadcrumbList\",\"@id\":\"https:\\\/\\\/ootary.com\\\/actu\\\/#breadcrumb\",\"itemListElement\":[{\"@type\":\"ListItem\",\"position\":1,\"name\":\"Accueil\",\"item\":\"https:\\\/\\\/ootary.com\\\/\"},{\"@type\":\"ListItem\",\"position\":2,\"name\":\"Actualit\u00e9s\"}]},{\"@type\":\"WebSite\",\"@id\":\"https:\\\/\\\/ootary.com\\\/#website\",\"url\":\"https:\\\/\\\/ootary.com\\\/\",\"name\":\"oOTARY\",\"description\":\"Be oOTARY Be Happy !\",\"potentialAction\":[{\"@type\":\"SearchAction\",\"target\":{\"@type\":\"EntryPoint\",\"urlTemplate\":\"https:\\\/\\\/ootary.com\\\/?s={search_term_string}\"},\"query-input\":{\"@type\":\"PropertyValueSpecification\",\"valueRequired\":true,\"valueName\":\"search_term_string\"}}],\"inLanguage\":\"en-US\"}]}<\/script>\n<!-- \/ Yoast SEO plugin. -->","yoast_head_json":{"title":"News - oOTARY","robots":{"index":"index","follow":"follow","max-snippet":"max-snippet:-1","max-image-preview":"max-image-preview:large","max-video-preview":"max-video-preview:-1"},"canonical":"https:\/\/ootary.com\/en\/news\/","og_locale":"en_US","og_type":"article","og_title":"Actualit\u00e9s - oOTARY","og_url":"https:\/\/ootary.com\/en\/news\/","og_site_name":"oOTARY","article_modified_time":"2025-12-03T07:54:32+00:00","og_image":[{"width":2000,"height":1200,"url":"https:\/\/ootary.com\/wp-content\/uploads\/2022\/09\/actaulites-3.jpg","type":"image\/jpeg"}],"twitter_card":"summary_large_image","twitter_misc":{"Est. reading time":"5 minutes"},"schema":{"@context":"https:\/\/schema.org","@graph":[{"@type":"WebPage","@id":"https:\/\/ootary.com\/actu\/","url":"https:\/\/ootary.com\/actu\/","name":"News - oOTARY","isPartOf":{"@id":"https:\/\/ootary.com\/#website"},"primaryImageOfPage":{"@id":"https:\/\/ootary.com\/actu\/#primaryimage"},"image":{"@id":"https:\/\/ootary.com\/actu\/#primaryimage"},"thumbnailUrl":"https:\/\/ootary.com\/wp-content\/uploads\/2022\/09\/actaulites-3.jpg","datePublished":"2025-04-14T07:45:58+00:00","dateModified":"2025-12-03T07:54:32+00:00","breadcrumb":{"@id":"https:\/\/ootary.com\/actu\/#breadcrumb"},"inLanguage":"en-US","potentialAction":[{"@type":"ReadAction","target":["https:\/\/ootary.com\/actu\/"]}]},{"@type":"ImageObject","inLanguage":"en-US","@id":"https:\/\/ootary.com\/actu\/#primaryimage","url":"https:\/\/ootary.com\/wp-content\/uploads\/2022\/09\/actaulites-3.jpg","contentUrl":"https:\/\/ootary.com\/wp-content\/uploads\/2022\/09\/actaulites-3.jpg","width":2000,"height":1200,"caption":"actualites ootary"},{"@type":"BreadcrumbList","@id":"https:\/\/ootary.com\/actu\/#breadcrumb","itemListElement":[{"@type":"ListItem","position":1,"name":"Accueil","item":"https:\/\/ootary.com\/"},{"@type":"ListItem","position":2,"name":"Actualit\u00e9s"}]},{"@type":"WebSite","@id":"https:\/\/ootary.com\/#website","url":"https:\/\/ootary.com\/","name":"oOTARY","description":"Be oOTARY Be Happy!","potentialAction":[{"@type":"SearchAction","target":{"@type":"EntryPoint","urlTemplate":"https:\/\/ootary.com\/?s={search_term_string}"},"query-input":{"@type":"PropertyValueSpecification","valueRequired":true,"valueName":"search_term_string"}}],"inLanguage":"en-US"}]}},"jetpack_sharing_enabled":true,"_links":{"self":[{"href":"https:\/\/ootary.com\/en\/wp-json\/wp\/v2\/pages\/11687","targetHints":{"allow":["GET"]}}],"collection":[{"href":"https:\/\/ootary.com\/en\/wp-json\/wp\/v2\/pages"}],"about":[{"href":"https:\/\/ootary.com\/en\/wp-json\/wp\/v2\/types\/page"}],"author":[{"embeddable":true,"href":"https:\/\/ootary.com\/en\/wp-json\/wp\/v2\/users\/3"}],"replies":[{"embeddable":true,"href":"https:\/\/ootary.com\/en\/wp-json\/wp\/v2\/comments?post=11687"}],"version-history":[{"count":85,"href":"https:\/\/ootary.com\/en\/wp-json\/wp\/v2\/pages\/11687\/revisions"}],"predecessor-version":[{"id":12680,"href":"https:\/\/ootary.com\/en\/wp-json\/wp\/v2\/pages\/11687\/revisions\/12680"}],"wp:featuredmedia":[{"embeddable":true,"href":"https:\/\/ootary.com\/en\/wp-json\/wp\/v2\/media\/6221"}],"wp:attachment":[{"href":"https:\/\/ootary.com\/en\/wp-json\/wp\/v2\/media?parent=11687"}],"curies":[{"name":"wp","href":"https:\/\/api.w.org\/{rel}","templated":true}]}}